{"id":57169,"date":"2015-11-23T20:00:58","date_gmt":"2015-11-23T20:00:58","guid":{"rendered":"https:\/\/www.caq.edu.ec\/lehrerinnen\/"},"modified":"2015-11-23T20:00:58","modified_gmt":"2015-11-23T20:00:58","slug":"lehrerinnen","status":"publish","type":"page","link":"https:\/\/www.caq.edu.ec\/de\/lehrerinnen\/","title":{"rendered":"LehrerIn"},"content":{"rendered":"<p><strong>Christiane Thielemeyer<\/strong><br \/>\n<a href=\"https:\/\/www.caq.edu.ec\/wp-content\/uploads\/2015\/11\/THC.jpg\"><img decoding=\"async\" class=\"size-thumbnail wp-image-15188 alignleft\" src=\"https:\/\/www.caq.edu.ec\/wp-content\/uploads\/2015\/11\/THC-90x123.jpg\" alt=\"THC\" width=\"90\" height=\"123\" \/><\/a><\/p>\n<p>\u201eLachen ist \u00fcberall auf der Welt dasselbe\u201c \u2013 ein afrikanisches Sprichwort.<\/p>\n<p>Dieses Wort begleitet mich in meinem Leben.<br \/>\nIch hei\u00dfe Christiane Thielemeyer.<br \/>\nSeit 2012 arbeite ich an der DSQ als Lehrerin und Fachleiterin der DaF Fachschaft Primaria und Fachleiterin DFU Mathematik Primaria.<br \/>\nIch komme aus Bremen in Norddeutschland.<br \/>\nDort weht stets ein frischer Wind und den habe ich hierher mitgebracht.<br \/>\nEs macht mir Spa\u00df jedes Jahr neue Kolleginnen und Kollegen kennen lernen zu k\u00f6nnen.<br \/>\nVerabschiedungen hingegen fallen mir sehr schwer. Auch wenn ich wei\u00df, dass die positive Energie und die verbreitete Freundlichkeit bleibt.<br \/>\nAm Sch\u00f6nsten ist es f\u00fcr mich, den neuen Erstkl\u00e4sslern zu begegnen und sie ein paar Jahre begleiten zu d\u00fcrfen. Was f\u00fcr eine Freude.<br \/>\nUnd das Fach Mathematik auf Deutsch ist eine echte gro\u00dfe Herausforderung:<br \/>\nMathematik plus Deutsch = Lernen mit doppeltem Erfolg.<\/p>\n<p><strong>Zita Adam\u00edkov\u00e1 <\/strong><br \/>\n<a href=\"https:\/\/www.caq.edu.ec\/wp-content\/uploads\/2015\/11\/Zita.jpg\"><img decoding=\"async\" class=\"alignleft size-thumbnail wp-image-15322\" src=\"https:\/\/www.caq.edu.ec\/wp-content\/uploads\/2015\/11\/Zita-90x67.jpg\" alt=\"Zita\" width=\"90\" height=\"67\" \/><\/a><br \/>\n\u201eWas wirklich z\u00e4hlt, ist Intuition.\u201c &#8211; Albert Einstein<\/p>\n<p>Lehrerin f\u00fcr Deutsch als Fremdsprache seit 2003 an der Deutschen Schule Quito in der Primaria (ab der 5. Klasse) und Sekundaria<br \/>\nUrspr\u00fcnglich komme ich aus der Tschechischen Republik (CZ), habe Deutsch als Fremdsprache in der Schule gelernt und an der Universit\u00e4t in Deutschland studiert. Ich mag es mit Kindern zu arbeiten und freue mich, wenn sie Freude an der Sprache haben und auf Deutsch kommunizieren!<\/p>\n<p><strong>Alexandra Berning<\/strong><\/p>\n<p><img decoding=\"async\" class=\"alignleft wp-image-17892\" src=\"https:\/\/www.caq.edu.ec\/wp-content\/uploads\/2015\/11\/image1-90x90.jpg\" alt=\"image1\" width=\"113\" height=\"113\" \/>\u201eGeh nicht immer auf dem vorgezeichneten Weg, der nur dahin f\u00fchrt, wo andere bereits gegangen sind.\u201c<br \/>\nAlexander Graham Bell<\/p>\n<p><em>\u00a0<\/em>Mein Name ist Alexandra Berning und ich bin seit neun Jahren in Ecuador. Vorher habe ich zehn Jahre in Kalifornien, in der N\u00e4he von San Francisco gelebt. Geb\u00fcrtig komme ich aber aus Deutschland, bin in der N\u00e4he von K\u00f6ln am Rhein aufgewachsen. \u00a0An der Deutschen Schule Quito arbeite ich seit sieben Jahren und ich unterrichte Deutsch als Fremdsprache.<\/p>\n<p><strong>Cristina Dammer<\/strong><\/p>\n<p>\u201eWas du mir sa<img loading=\"lazy\" decoding=\"async\" class=\"alignleft wp-image-18021\" src=\"https:\/\/www.caq.edu.ec\/wp-content\/uploads\/2015\/11\/Cristina-Dammer-300x222.jpg\" alt=\"cristina-dammer\" width=\"145\" height=\"107\" \/>gst, das vergesse ich. Was du mir zeigst, daran erinnere ich mich. Was du mich tun l\u00e4sst, das verstehe ich.\u201c Konfuzius<\/p>\n<p>Seit drei\u00dfig Jahren sind dies meine Leitgedanken in der faszinierenden Arbeit als P\u00e4dagogin mit Kindern und Jugendlichen, sowohl in Ecuador als auch in Deutschland. Ich hei\u00dfe Cristina Dammer, bin in Ecuador geboren und aufgewachsen. Nach dem Abitur an der deutschen Schule in Quito habe ich in M\u00fcnchen studiert, in Heidelberg eine Familie gegr\u00fcndet und lebe und arbeite seit 20 Jahren in Berlin. In diesem Schuljahr unterrichte ich DaF in der 1. Und 3. Klasse, sowie DFU Mathematik und Musik in der 1. Klasse. Ich freue mich jeden Tag auf die Arbeit mit den Kindern und bin gespannt auf das, was wir noch gemeinsam erfahren, erleben und entdecken k\u00f6nnen.<\/p>\n<p><strong>Thomas Engelhardt<\/strong><\/p>\n<p><a href=\"https:\/\/www.caq.edu.ec\/wp-content\/uploads\/2015\/11\/thomas-e.jpg\"><img loading=\"lazy\" decoding=\"async\" class=\"alignleft wp-image-15193\" src=\"https:\/\/www.caq.edu.ec\/wp-content\/uploads\/2015\/11\/thomas-e-90x68.jpg\" alt=\"thomas e\" width=\"114\" height=\"86\" \/><\/a><\/p>\n<p>\u201eWer fremde Sprachen nicht kennt, wei\u00df nichts von seiner eigenen.&#8220; &#8211; Johann Wolfgang von Goethe<\/p>\n<p>Ich bin Thomas Engelhardt. Ich komme aus Aachen. Das liegt ganz im Westen von Deutschland an der Grenze zu den Niederlanden und Belgien und ist bekannt f\u00fcr Karl den Gro\u00dfen, den Dom und die Universit\u00e4t. Studiert habe ich aber in Berlin. Ich unterrichte Deutsch als Fremdsprache in der Primar- und Sekundarstufe.<\/p>\n<p>&nbsp;<\/p>\n<p><strong>Gloria G\u00f3mez<\/strong><\/p>\n<p><img loading=\"lazy\" decoding=\"async\" class=\"alignleft wp-image-18012\" src=\"https:\/\/www.caq.edu.ec\/wp-content\/uploads\/2015\/11\/foto-actual-90x121.jpg\" alt=\"foto-actual\" width=\"110\" height=\"148\" \/>\u201eWer wie ein Kind f\u00fchlt, ist in der Lage die Gef\u00fchle der Mitmenschen zu sp\u00fcren.&#8220;<\/p>\n<p>Genau das ist es, was wir Lehrkr\u00e4fte unter anderem brauchen, um unsere Arbeit mit Sch\u00fclerInnen zu optimieren. Ich bin Gloria G\u00f3mez,\u00a0 komme aus Kolumbien und habe dort das Lehramt \u201eDeutsch als Fremdsprache\u201d an der &#8222;Universidad Nacional de Colombia&#8220; studiert. In der Universit\u00e4t Gie\u00dfen hatte ich die Gelegenheit, den M.A. in DaF und Hispanistik zu absolvieren. Jetzt bin ich in der Grundschule des CAQ f\u00fcr Deutsch und Mathematik in einer 2. Klasse zust\u00e4ndig, sowie f\u00fcr die Klassenleitung, Sachkunde und Spanisch in einer 4. Klasse, aber auch TT in der Klasse 6A.<\/p>\n<p><strong>Sara Grossenbacher<\/strong><br \/>\n<a href=\"https:\/\/www.caq.edu.ec\/wp-content\/uploads\/2015\/11\/Sara.jpg\"><img loading=\"lazy\" decoding=\"async\" class=\"alignleft size-thumbnail wp-image-15299\" src=\"https:\/\/www.caq.edu.ec\/wp-content\/uploads\/2015\/11\/Sara-90x132.jpg\" alt=\"Sara\" width=\"90\" height=\"132\" \/><\/a><br \/>\nDie \u201eNationalhymne\u201c meiner Heimatstadt Basel (Schweiz) lautet:<br \/>\n\u201eZ\u2019Basel an mym Rhy,<br \/>\nJo, dert mecht i sy!<br \/>\nWeiht nit d\u2019Luft so mild und lau<br \/>\nUnd der Himmel isch so blau<br \/>\nAn mym liebe, an mym liebe Rhy &#8230;\u201c<br \/>\nNach 27 sch\u00f6nen Jahren am Rhein wechselte ich 2012 nach Ecuador. Ich f\u00fchlte und f\u00fchle mich wohl in der Sierra, und seit eineinhalb Jahren arbeite ich hier an der deutschen Schule. Im Moment bin ich Klassenlehrerin der 5 DK und unterrichte Deutsch und Mathematik, sowie Deutsch (DaF) und Mathematik (DFU) in der nationalen Klasse 1 D.<\/p>\n<p>Ich gebe tagt\u00e4glich mein Bestes, um ein Zitat von Cicero im Alltag umzusetzen:<br \/>\n\u201eWer den Tag mit einem Lachen beginnt, hat ihn bereits gewonnen!\u201c<\/p>\n<p><strong>Carolin Haist<\/strong><br \/>\n<a href=\"https:\/\/www.caq.edu.ec\/wp-content\/uploads\/2015\/11\/carolin1.jpg\"><img loading=\"lazy\" decoding=\"async\" class=\"alignleft size-thumbnail wp-image-15223\" src=\"https:\/\/www.caq.edu.ec\/wp-content\/uploads\/2015\/11\/carolin1-90x123.jpg\" alt=\"carolin\" width=\"90\" height=\"123\" \/><\/a><br \/>\n\u201eWenn der Mensch sich etwas vornimmt, so ist ihm mehr m\u00f6glich, als er glaubt.&#8220; &#8211; Pestalozzi<\/p>\n<p>Ich komme urspr\u00fcnglich aus Baden W\u00fcrttemberg, habe zuletzt aber mit meiner Familie in Lampertheim, einer Kleinstadt in Hessen, gewohnt. Lampertheim liegt am Altrhein nahe bei Mannheim und ist bekannt f\u00fcr seinen Spargel. Seit einem Jahr lebe ich nun hier in Ecuador. Ich unterrichte an der Deutschen Schule Quito seit Dezember 2014 Deutsch als Fremdsprache und seit September 2015 zus\u00e4tzlich Sport und Englisch.<\/p>\n<p><strong>Barbara Lanzer Balladares<\/strong><br \/>\n<a href=\"https:\/\/www.caq.edu.ec\/wp-content\/uploads\/2015\/11\/Foto-Barbara.jpg\"><img loading=\"lazy\" decoding=\"async\" class=\"alignleft size-thumbnail wp-image-15182\" src=\"https:\/\/www.caq.edu.ec\/wp-content\/uploads\/2015\/11\/Foto-Barbara-90x103.jpg\" alt=\"Foto Barbara\" width=\"90\" height=\"103\" \/><\/a><br \/>\n\u201eFarbe muss gesehen werden!&#8220; &#8211; Walter Benjamin<br \/>\n\u201eDenken ist Form!&#8220; &#8211; Joseph Beuys<\/p>\n<p>Mein Name ist Barbara Lanzer Balladares und ich komme aus Baden-Baden, einer Kleinstadt am Rande des Schwarzwaldes. Ich liebe die Natur und alle Formen der \u201eBellas Artes\u201c.<\/p>\n<p><strong>Nadja Schranz<\/strong><br \/>\n<a href=\"https:\/\/www.caq.edu.ec\/wp-content\/uploads\/2015\/11\/nadja1.jpg\"><img loading=\"lazy\" decoding=\"async\" class=\"alignleft size-thumbnail wp-image-15215\" src=\"https:\/\/www.caq.edu.ec\/wp-content\/uploads\/2015\/11\/nadja1-90x119.jpg\" alt=\"nadja\" width=\"90\" height=\"119\" \/><\/a><br \/>\n\u201eWir bewegen uns in der Welt, als w\u00e4ren wir an Hunderte von P\ufb02\u00f6cken gekettet. Wir glauben, einen ganzen Haufen Dinge nicht zu k\u00f6nnen, blo\u00df weil wir sie ein einziges Mal, vor sehr langer Zeit, damals, als wir noch klein waren, ausprobiert haben und gescheitert sind. Wir haben uns genauso verhalten wie der Zirkuselefant, angekettet an Pfl\u00f6cke. Auch in unser Ged\u00e4chtnis hat sich die Botschaft eingebrannt: Ich kann das nicht, und ich werde es niemals k\u00f6nnen. Mit dieser Botschaft, der Botschaft, dass wir machtlos sind, sind wir gro\u00df geworden, und seitdem haben wir niemals mehr versucht, uns von unserem P\ufb02ock loszurei\u00dfen. Manchmal, wenn wir die Fu\u00dffesseln wieder sp\u00fcren und mit den Ketten klirren, ger\u00e4t uns der P\ufb02ock in den Blick, und wir denken: Ich kann das nicht, und werde es niemals k\u00f6nnen. Der einzige Weg, herauszu\ufb01nden, ob du etwas kannst oder nicht, ist es auszuprobieren, und zwar mit vollem Einsatz. Aus ganzem Herzen!\u201c &#8211; Jorge Bucay &#8211; Der angekettete Elefant (aus dem Spanischen von N. Schranz)<\/p>\n<p>Ich hei\u03b2e Nadja und komme aus der Schweiz. Meine Eltern sind Deutschschweizer, mit 15 Jahren ging ich in die franz\u00f6sische Schweiz, um dort zu lernen und zu arbeiten. Ich bin Mutter von vier Kindern im Alter von zwei bis 17 Jahren.<br \/>\nIch wohne schon seit einigen Jahren in Ecuador. An der Deutschen Schule unterrichte ich seit knapp f\u00fcnf Jahren. Ich bin Klassenlehrkraft in der Unterstufe und DaF-Lehrerin.<\/p>\n<p><strong>Franja Schumann<\/strong><br \/>\n<a href=\"https:\/\/www.caq.edu.ec\/wp-content\/uploads\/2015\/11\/Franja-x.jpg\"><img loading=\"lazy\" decoding=\"async\" class=\"alignleft size-thumbnail wp-image-15195\" src=\"https:\/\/www.caq.edu.ec\/wp-content\/uploads\/2015\/11\/Franja-x-90x103.jpg\" alt=\"Franja x\" width=\"90\" height=\"103\" \/><\/a><br \/>\n\u201eFreies Fragen wird verhindert werden, solange es Ziel der Erziehung ist, \u00dcberzeugung statt Denken hervorzubringen.&#8220; &#8211; Bertrand Russell<\/p>\n<p>Mein Name ist Franziska Schumann, aber die meisten nennen mich kurz \u201eFranja\u201c. Ich bin bl\u00fchende 30 Jahre alt und komme urspr\u00fcnglich aus dem sch\u00f6nen Erzgebirge im tiefen Osten von Deutschland an der Grenze zur Tschechischen Republik. Bekannt ist diese Region besonders f\u00fcr ihre Erzvorkommen, ihre Mundart und Weihnachtstradition sowie die damit verbundene Handwerkskunst. F\u00fcr mich gibt es in der Weihnachtszeit keinen sch\u00f6neren Platz auf der Welt.<\/p>\n<p><strong>Lorena Vega<\/strong><br \/>\n<a href=\"https:\/\/www.caq.edu.ec\/wp-content\/uploads\/2015\/11\/Lorena-Recorte.png\"><img loading=\"lazy\" decoding=\"async\" class=\"alignleft size-thumbnail wp-image-15384\" src=\"https:\/\/www.caq.edu.ec\/wp-content\/uploads\/2015\/11\/Lorena-Recorte-90x107.png\" alt=\"Lorena Recorte\" width=\"90\" height=\"107\" \/><\/a><\/p>\n<p>\u201eDie beiden sch\u00f6nsten Dinge sind die Heimat, aus der wir stammen, und die Heimat, nach der wir wandern.\u201c &#8211; Johann Heinrich Jung-Stilling<\/p>\n<p>Mein Name ist Lorena Vega und ich bin geb\u00fcrtige Chilenin. Nach 20 Jahren Aufenthalt in S\u00fcddeutschland entschied ich mich mit meiner Familie, nach Ecuador zu ziehen. Hier bin ich in der N\u00e4he meiner ersten Heimat und dazu in einer Umgebung, die dem sch\u00f6nen Schwarzwald \u00e4hnelt.<br \/>\nIch arbeite seit dem Jahr 2014 an der Deutschen Schule Quito und unterrichte die F\u00e4cher Deutsch als Fremdsprache und Geschichte. Au\u00dferdem betreue ich die Arbeitsgemeinschaft des UNO-Planspiels.<\/p>\n<p>&nbsp;<\/p>\n<p><strong>Kristopher Theophel<\/strong><\/p>\n<p style=\"text-align: center;\">\n<em><a href=\"https:\/\/www.caq.edu.ec\/wp-content\/uploads\/2018\/06\/Kristopher-Theophel-1.jpg\"><img loading=\"lazy\" decoding=\"async\" class=\"alignright size-full wp-image-23046\" src=\"https:\/\/www.caq.edu.ec\/wp-content\/uploads\/2018\/06\/Kristopher-Theophel-1.jpg\" alt=\"\" width=\"100\" height=\"153\" \/><\/a>&#8222;Wir m\u00fcssen von Zeit zu Zeit eine Rast einlegen und warten, bis uns unsere Seelen wieder eingeholt haben&#8220;<\/em><\/p>\n<p style=\"text-align: center;\"><em>&#8211; Indianische Weisheit &#8211;<\/em><\/p>\n<p style=\"text-align: left;\">Ich hei\u00dfe Kristopher Theophel und komme aus Biedenkopf-Wallau. Das liegt im Bundesland Hessen in Deutschland. Studiert habe ich in Gie\u03b2en. Ich unterrichte Deutsch als Fremdsprache und Mathematik in der Primaria. An der Deutsche Schule Quito arbeite ich seit dem Sommer 2017.<\/p>\n<p>&nbsp;<\/p>\n<p>&nbsp;<\/p>\n<p><span lang=\"DE\"><span style=\"color: #000000; font-family: Calibri;\">\u00a0<\/span><\/span><\/p>\n<p>&nbsp;<\/p>\n","protected":false},"excerpt":{"rendered":"<p>Christiane Thielemeyer \u201eLachen ist \u00fcberall auf der Welt dasselbe\u201c \u2013 ein afrikanisches Sprichwort. Dieses Wort begleitet mich in meinem Leben. Ich hei\u00dfe Christiane Thielemeyer. Seit 2012 arbeite ich an der DSQ als Lehrerin und Fachleiterin der DaF Fachschaft Primaria und Fachleiterin DFU Mathematik Primaria. Ich komme aus Bremen in Norddeutschland. Dort weht stets ein frischer [&hellip;]<\/p>\n","protected":false},"author":6,"featured_media":0,"parent":0,"menu_order":0,"comment_status":"open","ping_status":"open","template":"","meta":{"footnotes":""},"class_list":["post-57169","page","type-page","status-publish","hentry"],"yoast_head":"<!-- This site is optimized with the Yoast SEO plugin v27.3 - https:\/\/yoast.com\/product\/yoast-seo-wordpress\/ -->\n<title>LehrerIn - Colegio Alem\u00e1n Quito<\/title>\n<meta name=\"robots\" content=\"index, follow, max-snippet:-1, max-image-preview:large, max-video-preview:-1\" \/>\n<link rel=\"canonical\" href=\"https:\/\/www.caq.edu.ec\/de\/lehrerinnen\/\" \/>\n<meta property=\"og:locale\" content=\"de_DE\" \/>\n<meta property=\"og:type\" content=\"article\" \/>\n<meta property=\"og:title\" content=\"LehrerIn - Colegio Alem\u00e1n Quito\" \/>\n<meta property=\"og:description\" content=\"Christiane Thielemeyer \u201eLachen ist \u00fcberall auf der Welt dasselbe\u201c \u2013 ein afrikanisches Sprichwort. Dieses Wort begleitet mich in meinem Leben. Ich hei\u00dfe Christiane Thielemeyer. Seit 2012 arbeite ich an der DSQ als Lehrerin und Fachleiterin der DaF Fachschaft Primaria und Fachleiterin DFU Mathematik Primaria. Ich komme aus Bremen in Norddeutschland. Dort weht stets ein frischer [&hellip;]\" \/>\n<meta property=\"og:url\" content=\"https:\/\/www.caq.edu.ec\/de\/lehrerinnen\/\" \/>\n<meta property=\"og:site_name\" content=\"Colegio Alem\u00e1n Quito\" \/>\n<meta property=\"og:image\" content=\"https:\/\/www.caq.edu.ec\/wp-content\/uploads\/2015\/11\/THC-90x123.jpg\" \/>\n<meta name=\"twitter:card\" content=\"summary_large_image\" \/>\n<meta name=\"twitter:label1\" content=\"Gesch\u00e4tzte Lesezeit\" \/>\n\t<meta name=\"twitter:data1\" content=\"7\u00a0Minuten\" \/>\n<script type=\"application\/ld+json\" class=\"yoast-schema-graph\">{\"@context\":\"https:\\\/\\\/schema.org\",\"@graph\":[{\"@type\":\"WebPage\",\"@id\":\"https:\\\/\\\/www.caq.edu.ec\\\/de\\\/lehrerinnen\\\/\",\"url\":\"https:\\\/\\\/www.caq.edu.ec\\\/de\\\/lehrerinnen\\\/\",\"name\":\"LehrerIn - Colegio Alem\u00e1n Quito\",\"isPartOf\":{\"@id\":\"https:\\\/\\\/www.caq.edu.ec\\\/#website\"},\"primaryImageOfPage\":{\"@id\":\"https:\\\/\\\/www.caq.edu.ec\\\/de\\\/lehrerinnen\\\/#primaryimage\"},\"image\":{\"@id\":\"https:\\\/\\\/www.caq.edu.ec\\\/de\\\/lehrerinnen\\\/#primaryimage\"},\"thumbnailUrl\":\"https:\\\/\\\/www.caq.edu.ec\\\/wp-content\\\/uploads\\\/2015\\\/11\\\/THC-90x123.jpg\",\"datePublished\":\"2015-11-23T20:00:58+00:00\",\"breadcrumb\":{\"@id\":\"https:\\\/\\\/www.caq.edu.ec\\\/de\\\/lehrerinnen\\\/#breadcrumb\"},\"inLanguage\":\"de\",\"potentialAction\":[{\"@type\":\"ReadAction\",\"target\":[\"https:\\\/\\\/www.caq.edu.ec\\\/de\\\/lehrerinnen\\\/\"]}]},{\"@type\":\"ImageObject\",\"inLanguage\":\"de\",\"@id\":\"https:\\\/\\\/www.caq.edu.ec\\\/de\\\/lehrerinnen\\\/#primaryimage\",\"url\":\"https:\\\/\\\/www.caq.edu.ec\\\/wp-content\\\/uploads\\\/2015\\\/11\\\/THC-90x123.jpg\",\"contentUrl\":\"https:\\\/\\\/www.caq.edu.ec\\\/wp-content\\\/uploads\\\/2015\\\/11\\\/THC-90x123.jpg\"},{\"@type\":\"BreadcrumbList\",\"@id\":\"https:\\\/\\\/www.caq.edu.ec\\\/de\\\/lehrerinnen\\\/#breadcrumb\",\"itemListElement\":[{\"@type\":\"ListItem\",\"position\":1,\"name\":\"Inicio\",\"item\":\"https:\\\/\\\/www.caq.edu.ec\\\/\"},{\"@type\":\"ListItem\",\"position\":2,\"name\":\"LehrerIn\"}]},{\"@type\":\"WebSite\",\"@id\":\"https:\\\/\\\/www.caq.edu.ec\\\/#website\",\"url\":\"https:\\\/\\\/www.caq.edu.ec\\\/\",\"name\":\"Colegio Alem\u00e1n Quito\",\"description\":\"Una puerta al mundo\",\"potentialAction\":[{\"@type\":\"SearchAction\",\"target\":{\"@type\":\"EntryPoint\",\"urlTemplate\":\"https:\\\/\\\/www.caq.edu.ec\\\/?s={search_term_string}\"},\"query-input\":{\"@type\":\"PropertyValueSpecification\",\"valueRequired\":true,\"valueName\":\"search_term_string\"}}],\"inLanguage\":\"de\"}]}<\/script>\n<!-- \/ Yoast SEO plugin. -->","yoast_head_json":{"title":"LehrerIn - Colegio Alem\u00e1n Quito","robots":{"index":"index","follow":"follow","max-snippet":"max-snippet:-1","max-image-preview":"max-image-preview:large","max-video-preview":"max-video-preview:-1"},"canonical":"https:\/\/www.caq.edu.ec\/de\/lehrerinnen\/","og_locale":"de_DE","og_type":"article","og_title":"LehrerIn - Colegio Alem\u00e1n Quito","og_description":"Christiane Thielemeyer \u201eLachen ist \u00fcberall auf der Welt dasselbe\u201c \u2013 ein afrikanisches Sprichwort. Dieses Wort begleitet mich in meinem Leben. Ich hei\u00dfe Christiane Thielemeyer. Seit 2012 arbeite ich an der DSQ als Lehrerin und Fachleiterin der DaF Fachschaft Primaria und Fachleiterin DFU Mathematik Primaria. Ich komme aus Bremen in Norddeutschland. Dort weht stets ein frischer [&hellip;]","og_url":"https:\/\/www.caq.edu.ec\/de\/lehrerinnen\/","og_site_name":"Colegio Alem\u00e1n Quito","og_image":[{"url":"https:\/\/www.caq.edu.ec\/wp-content\/uploads\/2015\/11\/THC-90x123.jpg","type":"","width":"","height":""}],"twitter_card":"summary_large_image","twitter_misc":{"Gesch\u00e4tzte Lesezeit":"7\u00a0Minuten"},"schema":{"@context":"https:\/\/schema.org","@graph":[{"@type":"WebPage","@id":"https:\/\/www.caq.edu.ec\/de\/lehrerinnen\/","url":"https:\/\/www.caq.edu.ec\/de\/lehrerinnen\/","name":"LehrerIn - Colegio Alem\u00e1n Quito","isPartOf":{"@id":"https:\/\/www.caq.edu.ec\/#website"},"primaryImageOfPage":{"@id":"https:\/\/www.caq.edu.ec\/de\/lehrerinnen\/#primaryimage"},"image":{"@id":"https:\/\/www.caq.edu.ec\/de\/lehrerinnen\/#primaryimage"},"thumbnailUrl":"https:\/\/www.caq.edu.ec\/wp-content\/uploads\/2015\/11\/THC-90x123.jpg","datePublished":"2015-11-23T20:00:58+00:00","breadcrumb":{"@id":"https:\/\/www.caq.edu.ec\/de\/lehrerinnen\/#breadcrumb"},"inLanguage":"de","potentialAction":[{"@type":"ReadAction","target":["https:\/\/www.caq.edu.ec\/de\/lehrerinnen\/"]}]},{"@type":"ImageObject","inLanguage":"de","@id":"https:\/\/www.caq.edu.ec\/de\/lehrerinnen\/#primaryimage","url":"https:\/\/www.caq.edu.ec\/wp-content\/uploads\/2015\/11\/THC-90x123.jpg","contentUrl":"https:\/\/www.caq.edu.ec\/wp-content\/uploads\/2015\/11\/THC-90x123.jpg"},{"@type":"BreadcrumbList","@id":"https:\/\/www.caq.edu.ec\/de\/lehrerinnen\/#breadcrumb","itemListElement":[{"@type":"ListItem","position":1,"name":"Inicio","item":"https:\/\/www.caq.edu.ec\/"},{"@type":"ListItem","position":2,"name":"LehrerIn"}]},{"@type":"WebSite","@id":"https:\/\/www.caq.edu.ec\/#website","url":"https:\/\/www.caq.edu.ec\/","name":"Colegio Alem\u00e1n Quito","description":"Una puerta al mundo","potentialAction":[{"@type":"SearchAction","target":{"@type":"EntryPoint","urlTemplate":"https:\/\/www.caq.edu.ec\/?s={search_term_string}"},"query-input":{"@type":"PropertyValueSpecification","valueRequired":true,"valueName":"search_term_string"}}],"inLanguage":"de"}]}},"_links":{"self":[{"href":"https:\/\/www.caq.edu.ec\/de\/wp-json\/wp\/v2\/pages\/57169","targetHints":{"allow":["GET"]}}],"collection":[{"href":"https:\/\/www.caq.edu.ec\/de\/wp-json\/wp\/v2\/pages"}],"about":[{"href":"https:\/\/www.caq.edu.ec\/de\/wp-json\/wp\/v2\/types\/page"}],"author":[{"embeddable":true,"href":"https:\/\/www.caq.edu.ec\/de\/wp-json\/wp\/v2\/users\/6"}],"replies":[{"embeddable":true,"href":"https:\/\/www.caq.edu.ec\/de\/wp-json\/wp\/v2\/comments?post=57169"}],"version-history":[{"count":0,"href":"https:\/\/www.caq.edu.ec\/de\/wp-json\/wp\/v2\/pages\/57169\/revisions"}],"wp:attachment":[{"href":"https:\/\/www.caq.edu.ec\/de\/wp-json\/wp\/v2\/media?parent=57169"}],"curies":[{"name":"wp","href":"https:\/\/api.w.org\/{rel}","templated":true}]}}